{"id":33155,"date":"2024-02-26T16:42:33","date_gmt":"2024-02-26T15:42:33","guid":{"rendered":"https:\/\/celtex.artificio-comunicazione.it\/lavora-con-noi\/"},"modified":"2025-05-05T14:45:20","modified_gmt":"2025-05-05T12:45:20","slug":"karriere","status":"publish","type":"page","link":"https:\/\/celtex.artificio-comunicazione.it\/de\/karriere\/","title":{"rendered":"Karriere"},"content":{"rendered":"\t\t<div data-elementor-type=\"wp-page\" data-elementor-id=\"33155\" class=\"elementor elementor-33155 elementor-25318\" data-elementor-settings=\"{&quot;ha_cmc_init_switcher&quot;:&quot;no&quot;}\">\n\t\t\t\t\t\t<section class=\"elementor-section elementor-top-section elementor-element elementor-element-155eed9 elementor-section-height-min-height elementor-section-stretched elementor-section-boxed elementor-section-height-default elementor-section-items-middle\" data-id=\"155eed9\" data-element_type=\"section\" data-settings=\"{&quot;stretch_section&quot;:&quot;section-stretched&quot;,&quot;background_background&quot;:&quot;classic&quot;,&quot;_ha_eqh_enable&quot;:false}\">\n\t\t\t\t\t\t\t<div class=\"elementor-background-overlay\"><\/div>\n\t\t\t\t\t\t\t<div class=\"elementor-container elementor-column-gap-default\">\n\t\t\t\t\t<div class=\"elementor-column elementor-col-50 elementor-top-column elementor-element elementor-element-70b74da\" data-id=\"70b74da\" data-element_type=\"column\">\n\t\t\t<div class=\"elementor-widget-wrap elementor-element-populated\">\n\t\t\t\t\t\t<div class=\"elementor-element elementor-element-ff4b2b3 elementor-widget elementor-widget-heading\" data-id=\"ff4b2b3\" data-element_type=\"widget\" data-widget_type=\"heading.default\">\n\t\t\t\t<div class=\"elementor-widget-container\">\n\t\t\t\t\t<h2 class=\"elementor-heading-title elementor-size-default\">KARRIERE<\/h2>\t\t\t\t<\/div>\n\t\t\t\t<\/div>\n\t\t\t\t\t<\/div>\n\t\t<\/div>\n\t\t\t\t<div class=\"elementor-column elementor-col-50 elementor-top-column elementor-element elementor-element-9eff802 elementor-hidden-mobile_extra elementor-hidden-mobile\" data-id=\"9eff802\" data-element_type=\"column\">\n\t\t\t<div class=\"elementor-widget-wrap\">\n\t\t\t\t\t\t\t<\/div>\n\t\t<\/div>\n\t\t\t\t\t<\/div>\n\t\t<\/section>\n\t\t\t\t<section class=\"elementor-section elementor-top-section elementor-element elementor-element-408a0b6 elementor-section-full_width elementor-section-stretched elementor-section-height-default elementor-section-height-default\" data-id=\"408a0b6\" data-element_type=\"section\" data-settings=\"{&quot;stretch_section&quot;:&quot;section-stretched&quot;,&quot;background_background&quot;:&quot;classic&quot;,&quot;_ha_eqh_enable&quot;:false}\">\n\t\t\t\t\t\t<div class=\"elementor-container elementor-column-gap-no\">\n\t\t\t\t\t<div class=\"elementor-column elementor-col-100 elementor-top-column elementor-element elementor-element-661af7d\" data-id=\"661af7d\" data-element_type=\"column\">\n\t\t\t<div class=\"elementor-widget-wrap elementor-element-populated\">\n\t\t\t\t\t\t<section class=\"elementor-section elementor-inner-section elementor-element elementor-element-c1c0d0a elementor-section-boxed elementor-section-height-default elementor-section-height-default\" data-id=\"c1c0d0a\" data-element_type=\"section\" data-settings=\"{&quot;_ha_eqh_enable&quot;:false}\">\n\t\t\t\t\t\t<div class=\"elementor-container elementor-column-gap-default\">\n\t\t\t\t\t<div class=\"elementor-column elementor-col-100 elementor-inner-column elementor-element elementor-element-137a601\" data-id=\"137a601\" data-element_type=\"column\">\n\t\t\t<div class=\"elementor-widget-wrap elementor-element-populated\">\n\t\t\t\t\t\t<div class=\"elementor-element elementor-element-76a5abe elementor-widget elementor-widget-menu-anchor\" data-id=\"76a5abe\" data-element_type=\"widget\" data-widget_type=\"menu-anchor.default\">\n\t\t\t\t<div class=\"elementor-widget-container\">\n\t\t\t\t\t\t\t<div class=\"elementor-menu-anchor\" id=\"risultati\"><\/div>\n\t\t\t\t\t\t<\/div>\n\t\t\t\t<\/div>\n\t\t\t\t<div class=\"elementor-element elementor-element-5986e51 elementor-widget elementor-widget-industrium_special_text\" data-id=\"5986e51\" data-element_type=\"widget\" data-widget_type=\"industrium_special_text.default\">\n\t\t\t\t<div class=\"elementor-widget-container\">\n\t\t\t\t\t<div class=\"special-text special-text-effect-stroke\">Der Mensch<\/div>\t\t\t\t<\/div>\n\t\t\t\t<\/div>\n\t\t\t\t<div class=\"elementor-element elementor-element-c46b431 elementor-widget elementor-widget-industrium_special_text\" data-id=\"c46b431\" data-element_type=\"widget\" data-widget_type=\"industrium_special_text.default\">\n\t\t\t\t<div class=\"elementor-widget-container\">\n\t\t\t\t\t<div class=\"special-text special-text-effect-stroke\">im Mittelpunkt<\/div>\t\t\t\t<\/div>\n\t\t\t\t<\/div>\n\t\t\t\t\t<\/div>\n\t\t<\/div>\n\t\t\t\t\t<\/div>\n\t\t<\/section>\n\t\t\t\t<section class=\"elementor-section elementor-inner-section elementor-element elementor-element-fe6e205 elementor-section-content-middle elementor-section-boxed elementor-section-height-default elementor-section-height-default\" data-id=\"fe6e205\" data-element_type=\"section\" data-settings=\"{&quot;_ha_eqh_enable&quot;:false}\">\n\t\t\t\t\t\t<div class=\"elementor-container elementor-column-gap-wide\">\n\t\t\t\t\t<div class=\"elementor-column elementor-col-50 elementor-inner-column elementor-element elementor-element-95a59d9 elementor-hidden-mobile_extra elementor-hidden-mobile\" data-id=\"95a59d9\" data-element_type=\"column\">\n\t\t\t<div class=\"elementor-widget-wrap elementor-element-populated\">\n\t\t\t\t\t\t<div class=\"elementor-element elementor-element-6478c81 elementor-widget elementor-widget-image\" data-id=\"6478c81\" data-element_type=\"widget\" data-widget_type=\"image.default\">\n\t\t\t\t<div class=\"elementor-widget-container\">\n\t\t\t\t\t\t\t\t\t\t\t\t\t\t\t<img fetchpriority=\"high\" decoding=\"async\" width=\"938\" height=\"916\" src=\"https:\/\/celtex.artificio-comunicazione.it\/wp-content\/uploads\/2023\/02\/elemento.png\" class=\"attachment-large size-large wp-image-19198\" alt=\"\" srcset=\"https:\/\/celtex.artificio-comunicazione.it\/wp-content\/uploads\/2023\/02\/elemento.png 938w, https:\/\/celtex.artificio-comunicazione.it\/wp-content\/uploads\/2023\/02\/elemento-300x293.png 300w, https:\/\/celtex.artificio-comunicazione.it\/wp-content\/uploads\/2023\/02\/elemento-768x750.png 768w, https:\/\/celtex.artificio-comunicazione.it\/wp-content\/uploads\/2023\/02\/elemento-600x586.png 600w\" sizes=\"(max-width: 938px) 100vw, 938px\" \/>\t\t\t\t\t\t\t\t\t\t\t\t\t\t\t<\/div>\n\t\t\t\t<\/div>\n\t\t\t\t\t<\/div>\n\t\t<\/div>\n\t\t\t\t<div class=\"elementor-column elementor-col-50 elementor-inner-column elementor-element elementor-element-b27d748\" data-id=\"b27d748\" data-element_type=\"column\">\n\t\t\t<div class=\"elementor-widget-wrap elementor-element-populated\">\n\t\t\t\t\t\t<div class=\"elementor-element elementor-element-7a280d5 elementor-hidden-mobile_extra elementor-hidden-mobile elementor-widget elementor-widget-spacer\" data-id=\"7a280d5\" data-element_type=\"widget\" data-widget_type=\"spacer.default\">\n\t\t\t\t<div class=\"elementor-widget-container\">\n\t\t\t\t\t\t\t<div class=\"elementor-spacer\">\n\t\t\t<div class=\"elementor-spacer-inner\"><\/div>\n\t\t<\/div>\n\t\t\t\t\t\t<\/div>\n\t\t\t\t<\/div>\n\t\t\t\t<div class=\"elementor-element elementor-element-0566659 elementor-widget elementor-widget-industrium_heading\" data-id=\"0566659\" data-element_type=\"widget\" data-widget_type=\"industrium_heading.default\">\n\t\t\t\t<div class=\"elementor-widget-container\">\n\t\t\t\t\t<div class=\"industrium-heading-widget\"><h2 class=\"industrium-heading\"><span class=\"industrium-subheading no-dot\">KARRIERE<\/span><span class=\"industrium-heading-content\">Arbeiten Sie zusammen mit uns<\/span><\/h2><\/div>\t\t\t\t<\/div>\n\t\t\t\t<\/div>\n\t\t\t\t<div class=\"elementor-element elementor-element-529a605 elementor-widget elementor-widget-text-editor\" data-id=\"529a605\" data-element_type=\"widget\" data-widget_type=\"text-editor.default\">\n\t\t\t\t<div class=\"elementor-widget-container\">\n\t\t\t\t\t\t\t\t\t<p>Bei Industrie Celtex zu arbeiten bedeutet, Teil einer vielf\u00e4ltigen und dynamischen Gruppe zu werden, in der alle die M\u00f6glichkeit haben, ihre Erfahrung zum Erfolg des Unternehmens beizutragen. Denn nur gemeinsam ist es m\u00f6glich, zu wachsen. Teilhabe, Innovation und Qualit\u00e4t sind die Werte, die das Unternehmen &#8211; ausgehend von einer gemeinsamen Geschichte &#8211; antreiben und in die Zukunft weisen.<\/p><p><strong>Alle offenen Stellen anzeigen.<\/strong><\/p>\t\t\t\t\t\t\t\t<\/div>\n\t\t\t\t<\/div>\n\t\t\t\t\t<\/div>\n\t\t<\/div>\n\t\t\t\t\t<\/div>\n\t\t<\/section>\n\t\t\t\t\t<\/div>\n\t\t<\/div>\n\t\t\t\t\t<\/div>\n\t\t<\/section>\n\t\t\t\t<section class=\"elementor-section elementor-top-section elementor-element elementor-element-315cbe50 elementor-section-boxed elementor-section-height-default elementor-section-height-default\" data-id=\"315cbe50\" data-element_type=\"section\" data-settings=\"{&quot;_ha_eqh_enable&quot;:false}\">\n\t\t\t\t\t\t<div class=\"elementor-container elementor-column-gap-default\">\n\t\t\t\t\t<div class=\"elementor-column elementor-col-100 elementor-top-column elementor-element elementor-element-45be3e56\" data-id=\"45be3e56\" data-element_type=\"column\">\n\t\t\t<div class=\"elementor-widget-wrap elementor-element-populated\">\n\t\t\t\t\t\t<div class=\"elementor-element elementor-element-7e9c45a0 elementor-widget elementor-widget-text-editor\" data-id=\"7e9c45a0\" data-element_type=\"widget\" data-widget_type=\"text-editor.default\">\n\t\t\t\t<div class=\"elementor-widget-container\">\n\t\t\t\t\t\t\t\t\t<p>\t<div class=\"awsm-job-wrap\">\n\n\t\t<div class=\"awsm-filter-wrap\"><form action=\"https:\/\/celtex.artificio-comunicazione.it\/wp-admin\/admin-ajax.php\" method=\"POST\"><div class=\"awsm-filter-item-search\"><div class=\"awsm-filter-item-search-in\"><label for=\"awsm-jq-1\" class=\"awsm-sr-only\">Sucht<\/label><input type=\"text\" id=\"awsm-jq-1\" name=\"jq\" value=\"\" placeholder=\"Sucht\" class=\"awsm-job-search awsm-job-form-control\"><span class=\"awsm-job-search-btn awsm-job-search-icon-wrapper\"><i class=\"awsm-job-icon-search\"><\/i><\/span><span class=\"awsm-job-search-close-btn awsm-job-search-icon-wrapper awsm-job-hide\"><i class=\"awsm-job-icon-close-circle\"><\/i><\/span><\/div><\/div><a href=\"#\" class=\"awsm-filter-toggle\" role=\"button\" aria-pressed=\"false\"><span class=\"awsm-filter-toggle-text-wrapper awsm-sr-only\">Filter by<\/span><svg width=\"100\" height=\"100\" viewBox=\"0 0 100 100\" xmlns=\"http:\/\/www.w3.org\/2000\/svg\" version=\"1.1\" preserveAspectRatio=\"xMinYMin\"><path xmlns=\"http:\/\/www.w3.org\/2000\/svg\" fill=\"rgb(9.803922%,9.803922%,9.803922%)\" d=\"M 36.417969 19.9375 L 36.417969 17.265625 C 36.417969 16.160156 35.523438 15.265625 34.417969 15.265625 L 21.578125 15.265625 C 20.476562 15.265625 19.578125 16.160156 19.578125 17.265625 L 19.578125 19.9375 L 11 19.9375 L 11 26.9375 L 19.578125 26.9375 L 19.578125 30.105469 C 19.578125 31.210938 20.476562 32.105469 21.578125 32.105469 L 34.417969 32.105469 C 35.523438 32.105469 36.417969 31.210938 36.417969 30.105469 L 36.417969 26.9375 L 89 26.9375 L 89 19.9375 Z M 58.421875 43.578125 C 58.421875 42.476562 57.527344 41.578125 56.421875 41.578125 L 43.582031 41.578125 C 42.480469 41.578125 41.582031 42.476562 41.582031 43.578125 L 41.582031 46.5 L 11 46.5 L 11 53.5 L 41.582031 53.5 L 41.582031 56.421875 C 41.582031 57.527344 42.480469 58.421875 43.582031 58.421875 L 56.421875 58.421875 C 57.527344 58.421875 58.421875 57.527344 58.421875 56.421875 L 58.421875 53.5 L 89 53.5 L 89 46.5 L 58.421875 46.5 Z M 80.417969 70.140625 C 80.417969 69.035156 79.523438 68.140625 78.417969 68.140625 L 65.578125 68.140625 C 64.476562 68.140625 63.578125 69.035156 63.578125 70.140625 L 63.578125 73.0625 L 11 73.0625 L 11 80.0625 L 63.578125 80.0625 L 63.578125 82.984375 C 63.578125 84.085938 64.476562 84.984375 65.578125 84.984375 L 78.417969 84.984375 C 79.523438 84.984375 80.417969 84.085938 80.417969 82.984375 L 80.417969 80.0625 L 89 80.0625 L 89 73.0625 L 80.417969 73.0625 Z M 80.417969 70.140625\"\/><\/svg><\/a><div class=\"awsm-filter-items\"><div class=\"awsm-filter-item\" data-filter=\"job__category_spec\"><label for=\"awsm-job-category-filter-option-1\" class=\"awsm-sr-only\">Funktion<\/label><select name=\"awsm_job_spec[job-category]\" class=\"awsm-filter-option awsm-job-category-filter-option\" id=\"awsm-job-category-filter-option-1\" aria-label=\"Funktion\"><option value=\"\">Funktion<\/option><option value=\"194\" data-slug=\"buyer-de\">Buyer<\/option><option value=\"313\" data-slug=\"einrichtung\">Einrichtung<\/option><option value=\"328\" data-slug=\"lagerhaus\">Lagerhaus<\/option><option value=\"333\" data-slug=\"marketing-und-kommunikation\">Marketing und Kommunikation<\/option><\/select><\/div><div class=\"awsm-filter-item\" data-filter=\"job__type_spec\"><label for=\"awsm-job-type-filter-option-1\" class=\"awsm-sr-only\">Vertrag<\/label><select name=\"awsm_job_spec[job-type]\" class=\"awsm-filter-option awsm-job-type-filter-option\" id=\"awsm-job-type-filter-option-1\" aria-label=\"Vertrag\"><option value=\"\">Vertrag<\/option><option value=\"385\" data-slug=\"befristet\">Befristet<\/option><option value=\"195\" data-slug=\"tirocinio-de\">Tirocinio<\/option><\/select><\/div><div class=\"awsm-filter-item\" data-filter=\"job__location_spec\"><label for=\"awsm-job-location-filter-option-1\" class=\"awsm-sr-only\">Standort<\/label><select name=\"awsm_job_spec[job-location]\" class=\"awsm-filter-option awsm-job-location-filter-option\" id=\"awsm-job-location-filter-option-1\" aria-label=\"Standort\"><option value=\"\">Standort<\/option><option value=\"196\" data-slug=\"altopascio-de\">Altopascio<\/option><option value=\"399\" data-slug=\"altopascio-lu-italia-de\">Altopascio (LU) Italia<\/option><\/select><\/div><div class=\"awsm-filter-item\" data-filter=\"esperienza_spec\"><label for=\"awsm-esperienza-filter-option-1\" class=\"awsm-sr-only\">Erfahrung<\/label><select name=\"awsm_job_spec[esperienza]\" class=\"awsm-filter-option awsm-esperienza-filter-option\" id=\"awsm-esperienza-filter-option-1\" aria-label=\"Erfahrung\"><option value=\"\">Erfahrung<\/option><option value=\"256\" data-slug=\"0-2\">0-2<\/option><\/select><\/div><div class=\"awsm-filter-item\" data-filter=\"lingue_spec\"><label for=\"awsm-lingue-filter-option-1\" class=\"awsm-sr-only\">Sprachen<\/label><select name=\"awsm_job_spec[lingue]\" class=\"awsm-filter-option awsm-lingue-filter-option\" id=\"awsm-lingue-filter-option-1\" aria-label=\"Sprachen\"><option value=\"\">Sprachen<\/option><option value=\"261\" data-slug=\"italiano\">Italiano<\/option><\/select><\/div><\/div><input type=\"hidden\" name=\"lang\" value=\"de\"><input type=\"hidden\" name=\"action\" value=\"jobfilter\"><\/form><\/div>\n\t\t<div class=\"awsm-job-listings awsm-lists\" data-listings=\"10\" data-lang=\"de\">\n\t\t\t<div class=\"awsm-job-listing-item awsm-list-item\" id=\"awsm-list-item-40295\">\t\t<div class=\"awsm-job-item\">\t\t\t<div class=\"awsm-list-left-col\">\n\t\t\t\t\n\t\t\t\t\n\t\t\t\t<h2 class=\"awsm-job-post-title\">\n\t\t\t\t\t<a href=\"https:\/\/celtex.artificio-comunicazione.it\/de\/job\/magazziniere-carrellista\/\">Magazziniere carrellista<\/a>\t\t\t\t<\/h2>\n\n\t\t\t\t\t\t\t<\/div>\n\n\t\t\t<div class=\"awsm-list-right-col\">\n\t\t\t\t<div class=\"awsm-job-more-container\"><a class=\"awsm-job-more\" href=\"https:\/\/celtex.artificio-comunicazione.it\/de\/job\/magazziniere-carrellista\/\">Mehr Details <span><\/span><\/a><\/div>\t\t\t<\/div>\n\t\t<\/div>\t<\/div><div class=\"awsm-job-listing-item awsm-list-item\" id=\"awsm-list-item-40282\">\t\t<div class=\"awsm-job-item\">\t\t\t<div class=\"awsm-list-left-col\">\n\t\t\t\t\n\t\t\t\t\n\t\t\t\t<h2 class=\"awsm-job-post-title\">\n\t\t\t\t\t<a href=\"https:\/\/celtex.artificio-comunicazione.it\/de\/job\/junior-process-engineer\/\">Junior Process Engineer<\/a>\t\t\t\t<\/h2>\n\n\t\t\t\t\t\t\t<\/div>\n\n\t\t\t<div class=\"awsm-list-right-col\">\n\t\t\t\t<div class=\"awsm-job-more-container\"><a class=\"awsm-job-more\" href=\"https:\/\/celtex.artificio-comunicazione.it\/de\/job\/junior-process-engineer\/\">Mehr Details <span><\/span><\/a><\/div>\t\t\t<\/div>\n\t\t<\/div>\t<\/div>\t\t<\/div>\n\n\t<\/div>\n\t<\/p>\t\t\t\t\t\t\t\t<\/div>\n\t\t\t\t<\/div>\n\t\t\t\t\t<\/div>\n\t\t<\/div>\n\t\t\t\t\t<\/div>\n\t\t<\/section>\n\t\t\t\t<section class=\"elementor-section elementor-top-section elementor-element elementor-element-e583eef elementor-section-content-middle elementor-section-boxed elementor-section-height-default elementor-section-height-default\" data-id=\"e583eef\" data-element_type=\"section\" data-settings=\"{&quot;_ha_eqh_enable&quot;:false}\">\n\t\t\t\t\t\t<div class=\"elementor-container elementor-column-gap-default\">\n\t\t\t\t\t<div class=\"elementor-column elementor-col-50 elementor-top-column elementor-element elementor-element-482a17d\" data-id=\"482a17d\" data-element_type=\"column\">\n\t\t\t<div class=\"elementor-widget-wrap elementor-element-populated\">\n\t\t\t\t\t\t<div class=\"elementor-element elementor-element-ca94c71 elementor-widget__width-initial elementor-widget-tablet_extra__width-initial elementor-widget elementor-widget-text-editor\" data-id=\"ca94c71\" data-element_type=\"widget\" data-widget_type=\"text-editor.default\">\n\t\t\t\t<div class=\"elementor-widget-container\">\n\t\t\t\t\t\t\t\t\t<p>Wenn Sie unter den ver\u00f6ffentlichten Stellenangeboten kein Angebot gefunden haben, das Ihrem Profil entspricht, f\u00fcllen Sie bitte das Formular aus und senden Sie uns Ihre Initiativbewerbung.<br \/><strong>Wir werden dies f\u00fcr m\u00f6gliche zuk\u00fcnftige Gelegenheiten ber\u00fccksichtigen.<\/strong><\/p>\t\t\t\t\t\t\t\t<\/div>\n\t\t\t\t<\/div>\n\t\t\t\t\t<\/div>\n\t\t<\/div>\n\t\t\t\t<div class=\"elementor-column elementor-col-50 elementor-top-column elementor-element elementor-element-21a652b\" data-id=\"21a652b\" data-element_type=\"column\">\n\t\t\t<div class=\"elementor-widget-wrap elementor-element-populated\">\n\t\t\t\t\t\t<div class=\"elementor-element elementor-element-ad29586 elementor-widget elementor-widget-industrium_button\" data-id=\"ad29586\" data-element_type=\"widget\" data-widget_type=\"industrium_button.default\">\n\t\t\t\t<div class=\"elementor-widget-container\">\n\t\t\t\t\t\n        <div class=\"button-widget\">\n            <div class=\"button-container\">\n                <a class=\"industrium-button button-type-2\" href=\"https:\/\/celtex.artificio-comunicazione.it\/de\/job\/spontanbewerbung\/\" target=\"_blank\">\n                    <span class=\"industrium-button-text\">SPONTANBEWERBUNG<\/span>                    \n                <\/a>\n            <\/div>\n        <\/div>\n        \t\t\t\t<\/div>\n\t\t\t\t<\/div>\n\t\t\t\t\t<\/div>\n\t\t<\/div>\n\t\t\t\t\t<\/div>\n\t\t<\/section>\n\t\t\t\t<section class=\"elementor-section elementor-top-section elementor-element elementor-element-6ec7f7e elementor-section-content-middle elementor-section-boxed elementor-section-height-default elementor-section-height-default\" data-id=\"6ec7f7e\" data-element_type=\"section\" data-settings=\"{&quot;_ha_eqh_enable&quot;:false}\">\n\t\t\t\t\t\t<div class=\"elementor-container elementor-column-gap-default\">\n\t\t\t\t\t<div class=\"elementor-column elementor-col-50 elementor-top-column elementor-element elementor-element-fbab7cd\" data-id=\"fbab7cd\" data-element_type=\"column\">\n\t\t\t<div class=\"elementor-widget-wrap elementor-element-populated\">\n\t\t\t\t\t\t<div class=\"elementor-element elementor-element-700fe3c elementor-widget elementor-widget-industrium_heading\" data-id=\"700fe3c\" data-element_type=\"widget\" data-widget_type=\"industrium_heading.default\">\n\t\t\t\t<div class=\"elementor-widget-container\">\n\t\t\t\t\t<div class=\"industrium-heading-widget\"><h2 class=\"industrium-heading\"><span class=\"industrium-heading-content\">Junge Talente<\/span><\/h2><\/div>\t\t\t\t<\/div>\n\t\t\t\t<\/div>\n\t\t\t\t<div class=\"elementor-element elementor-element-95bb703 elementor-widget__width-initial elementor-widget-tablet_extra__width-initial elementor-widget elementor-widget-text-editor\" data-id=\"95bb703\" data-element_type=\"widget\" data-widget_type=\"text-editor.default\">\n\t\t\t\t<div class=\"elementor-widget-container\">\n\t\t\t\t\t\t\t\t\t<p>Wir arbeiten mit technischen Instituten und Universit\u00e4tsfakult\u00e4ten zusammen, um<strong> die industrielle Kultur der Tissue-Papierherstellung zu verbreiten<\/strong> und unser <strong>Know-how<\/strong> zuk\u00fcnftigen Fachkr\u00e4ften zur Verf\u00fcgung zu stellen und sie <strong>auf ihrem Weg in die Arbeitswelt<\/strong> zu begleiten .<br \/>Wenn Sie ein Sch\u00fcler sind, der einen \u00dcbergang zwischen Schule und Beruf sucht, oder ein Universit\u00e4tsstudent, der ein Projekt f\u00fcr seine Abschlussarbeit entwickeln m\u00f6chte, kontaktieren Sie uns bitte.<\/p>\t\t\t\t\t\t\t\t<\/div>\n\t\t\t\t<\/div>\n\t\t\t\t\t<\/div>\n\t\t<\/div>\n\t\t\t\t<div class=\"elementor-column elementor-col-50 elementor-top-column elementor-element elementor-element-1196c5e\" data-id=\"1196c5e\" data-element_type=\"column\">\n\t\t\t<div class=\"elementor-widget-wrap elementor-element-populated\">\n\t\t\t\t\t\t<div class=\"elementor-element elementor-element-e32110c elementor-widget elementor-widget-industrium_button\" data-id=\"e32110c\" data-element_type=\"widget\" data-widget_type=\"industrium_button.default\">\n\t\t\t\t<div class=\"elementor-widget-container\">\n\t\t\t\t\t\n        <div class=\"button-widget\">\n            <div class=\"button-container\">\n                <a class=\"industrium-button button-type-2\" href=\"https:\/\/celtex.artificio-comunicazione.it\/de\/job\/junger-talente\/\" target=\"_blank\">\n                    <span class=\"industrium-button-text\">KANDIDATUR JUNGER TALENTE<\/span>                    \n                <\/a>\n            <\/div>\n        <\/div>\n        \t\t\t\t<\/div>\n\t\t\t\t<\/div>\n\t\t\t\t\t<\/div>\n\t\t<\/div>\n\t\t\t\t\t<\/div>\n\t\t<\/section>\n\t\t\t\t<section class=\"elementor-section elementor-top-section elementor-element elementor-element-7a01fb7 elementor-section-height-min-height elementor-section-stretched elementor-hidden-mobile_extra elementor-hidden-mobile elementor-section-boxed elementor-section-height-default elementor-section-items-middle\" data-id=\"7a01fb7\" data-element_type=\"section\" data-settings=\"{&quot;stretch_section&quot;:&quot;section-stretched&quot;,&quot;background_background&quot;:&quot;classic&quot;,&quot;_ha_eqh_enable&quot;:false}\">\n\t\t\t\t\t\t<div class=\"elementor-container elementor-column-gap-default\">\n\t\t\t\t\t<div class=\"elementor-column elementor-col-100 elementor-top-column elementor-element elementor-element-1446ae2\" data-id=\"1446ae2\" data-element_type=\"column\">\n\t\t\t<div class=\"elementor-widget-wrap\">\n\t\t\t\t\t\t\t<\/div>\n\t\t<\/div>\n\t\t\t\t\t<\/div>\n\t\t<\/section>\n\t\t\t\t<section class=\"elementor-section elementor-top-section elementor-element elementor-element-344fca6 elementor-section-full_width elementor-section-stretched elementor-section-height-default elementor-section-height-default\" data-id=\"344fca6\" data-element_type=\"section\" data-settings=\"{&quot;stretch_section&quot;:&quot;section-stretched&quot;,&quot;_ha_eqh_enable&quot;:false}\">\n\t\t\t\t\t\t<div class=\"elementor-container elementor-column-gap-no\">\n\t\t\t\t\t<div class=\"elementor-column elementor-col-100 elementor-top-column elementor-element elementor-element-49c22ed\" data-id=\"49c22ed\" data-element_type=\"column\">\n\t\t\t<div class=\"elementor-widget-wrap elementor-element-populated\">\n\t\t\t\t\t\t<div class=\"elementor-element elementor-element-2cfcd4a elementor-widget-divider--view-line elementor-widget elementor-widget-divider\" data-id=\"2cfcd4a\" data-element_type=\"widget\" data-widget_type=\"divider.default\">\n\t\t\t\t<div class=\"elementor-widget-container\">\n\t\t\t\t\t\t\t<div class=\"elementor-divider\">\n\t\t\t<span class=\"elementor-divider-separator\">\n\t\t\t\t\t\t<\/span>\n\t\t<\/div>\n\t\t\t\t\t\t<\/div>\n\t\t\t\t<\/div>\n\t\t\t\t\t<\/div>\n\t\t<\/div>\n\t\t\t\t\t<\/div>\n\t\t<\/section>\n\t\t\t\t<\/div>\n\t\t","protected":false},"excerpt":{"rendered":"<p>KARRIERE Bei Industrie Celtex zu arbeiten bedeutet, Teil einer vielf\u00e4ltigen und dynamischen Gruppe zu werden, in der alle die M\u00f6glichkeit haben, ihre Erfahrung zum Erfolg des Unternehmens beizutragen. Denn nur gemeinsam ist es m\u00f6glich, zu wachsen. Teilhabe, Innovation und Qualit\u00e4t sind&#8230;<\/p>\n","protected":false},"author":1,"featured_media":0,"parent":0,"menu_order":0,"comment_status":"closed","ping_status":"closed","template":"","meta":{"footnotes":""},"class_list":["post-33155","page","type-page","status-publish","hentry"],"_links":{"self":[{"href":"https:\/\/celtex.artificio-comunicazione.it\/de\/wp-json\/wp\/v2\/pages\/33155","targetHints":{"allow":["GET"]}}],"collection":[{"href":"https:\/\/celtex.artificio-comunicazione.it\/de\/wp-json\/wp\/v2\/pages"}],"about":[{"href":"https:\/\/celtex.artificio-comunicazione.it\/de\/wp-json\/wp\/v2\/types\/page"}],"author":[{"embeddable":true,"href":"https:\/\/celtex.artificio-comunicazione.it\/de\/wp-json\/wp\/v2\/users\/1"}],"replies":[{"embeddable":true,"href":"https:\/\/celtex.artificio-comunicazione.it\/de\/wp-json\/wp\/v2\/comments?post=33155"}],"version-history":[{"count":48,"href":"https:\/\/celtex.artificio-comunicazione.it\/de\/wp-json\/wp\/v2\/pages\/33155\/revisions"}],"predecessor-version":[{"id":44562,"href":"https:\/\/celtex.artificio-comunicazione.it\/de\/wp-json\/wp\/v2\/pages\/33155\/revisions\/44562"}],"wp:attachment":[{"href":"https:\/\/celtex.artificio-comunicazione.it\/de\/wp-json\/wp\/v2\/media?parent=33155"}],"curies":[{"name":"wp","href":"https:\/\/api.w.org\/{rel}","templated":true}]}}