{"id":41130,"date":"2025-03-12T11:12:30","date_gmt":"2025-03-12T10:12:30","guid":{"rendered":"https:\/\/celtex.artificio-comunicazione.it\/quality-environment-and-product-safety\/"},"modified":"2025-03-27T13:15:43","modified_gmt":"2025-03-27T12:15:43","slug":"qualite-environnement-et-securite","status":"publish","type":"page","link":"https:\/\/celtex.artificio-comunicazione.it\/fr\/qualite-environnement-et-securite\/","title":{"rendered":"Qualit\u00e9, Environnement et S\u00e9curit\u00e9"},"content":{"rendered":"\t\t<div data-elementor-type=\"wp-page\" data-elementor-id=\"41130\" class=\"elementor elementor-41130 elementor-41087\" data-elementor-settings=\"{&quot;ha_cmc_init_switcher&quot;:&quot;no&quot;}\">\n\t\t\t\t\t\t<section class=\"elementor-section elementor-top-section elementor-element elementor-element-1480b282 elementor-section-height-min-height elementor-section-stretched elementor-section-boxed elementor-section-height-default elementor-section-items-middle\" data-id=\"1480b282\" data-element_type=\"section\" data-settings=\"{&quot;stretch_section&quot;:&quot;section-stretched&quot;,&quot;background_background&quot;:&quot;classic&quot;,&quot;_ha_eqh_enable&quot;:false}\">\n\t\t\t\t\t\t<div class=\"elementor-container elementor-column-gap-default\">\n\t\t\t\t\t<div class=\"elementor-column elementor-col-50 elementor-top-column elementor-element elementor-element-538c37d7\" data-id=\"538c37d7\" data-element_type=\"column\">\n\t\t\t<div class=\"elementor-widget-wrap elementor-element-populated\">\n\t\t\t\t\t\t<div class=\"elementor-element elementor-element-1bc866e elementor-widget elementor-widget-heading\" data-id=\"1bc866e\" data-element_type=\"widget\" data-widget_type=\"heading.default\">\n\t\t\t\t<div class=\"elementor-widget-container\">\n\t\t\t\t\t<h2 class=\"elementor-heading-title elementor-size-default\">POLITIQUE DE QUALIT\u00c9, D'ENVIRONNEMENT ET DE S\u00c9CURIT\u00c9 DES PRODUITS<\/h2>\t\t\t\t<\/div>\n\t\t\t\t<\/div>\n\t\t\t\t\t<\/div>\n\t\t<\/div>\n\t\t\t\t<div class=\"elementor-column elementor-col-50 elementor-top-column elementor-element elementor-element-4725ea8d elementor-hidden-widescreen elementor-hidden-desktop elementor-hidden-laptop elementor-hidden-tablet_extra elementor-hidden-tablet elementor-hidden-mobile_extra elementor-hidden-mobile\" data-id=\"4725ea8d\" data-element_type=\"column\">\n\t\t\t<div class=\"elementor-widget-wrap\">\n\t\t\t\t\t\t\t<\/div>\n\t\t<\/div>\n\t\t\t\t\t<\/div>\n\t\t<\/section>\n\t\t\t\t<section class=\"elementor-section elementor-top-section elementor-element elementor-element-f3b114c elementor-section-boxed elementor-section-height-default elementor-section-height-default\" data-id=\"f3b114c\" data-element_type=\"section\" data-settings=\"{&quot;_ha_eqh_enable&quot;:false}\">\n\t\t\t\t\t\t<div class=\"elementor-container elementor-column-gap-default\">\n\t\t\t\t\t<div class=\"elementor-column elementor-col-100 elementor-top-column elementor-element elementor-element-bbad1bd\" data-id=\"bbad1bd\" data-element_type=\"column\">\n\t\t\t<div class=\"elementor-widget-wrap elementor-element-populated\">\n\t\t\t\t\t\t<div class=\"elementor-element elementor-element-a7bee91 elementor-widget elementor-widget-text-editor\" data-id=\"a7bee91\" data-element_type=\"widget\" data-widget_type=\"text-editor.default\">\n\t\t\t\t<div class=\"elementor-widget-container\">\n\t\t\t\t\t\t\t\t\t<p>INDUSTRIE CELTEX SPA entend poursuivre et maintenir une politique de qualit\u00e9, d&rsquo;environnement et de s\u00e9curit\u00e9 des produits adapt\u00e9e aux objectifs et au contexte de l&rsquo;organisation pour:<\/p><ul><li>\u2022 Soutenir ses orientations strat\u00e9giques<\/li><li>\u2022 Fournir un cadre de r\u00e9f\u00e9rence pour la fixation d&rsquo;objectifs en mati\u00e8re de qualit\u00e9 et d&rsquo;environnement<\/li><li>\u2022 Poursuivre l&rsquo;am\u00e9lioration continue du Syst\u00e8me de Gestion de la Qualit\u00e9, du Syst\u00e8me de Gestion del&rsquo;Environnement et du Syst\u00e8me HACCP<\/li><\/ul>\t\t\t\t\t\t\t\t<\/div>\n\t\t\t\t<\/div>\n\t\t\t\t<div class=\"elementor-element elementor-element-3e183c9 elementor-widget elementor-widget-industrium_button\" data-id=\"3e183c9\" data-element_type=\"widget\" data-widget_type=\"industrium_button.default\">\n\t\t\t\t<div class=\"elementor-widget-container\">\n\t\t\t\t\t\n        <div class=\"button-widget\">\n            <div class=\"button-container\">\n                <a class=\"industrium-button button-type-2\" href=\"http:\/\/celtex.artificio-comunicazione.it\/wp-content\/uploads\/2025\/03\/POLITIQUE-DE-QUALITE-DENVIRONNEMENT-ET-DE-SECURITE-DES-PRODUITS-Industrie-Celtex-06-23-FR.pdf\" target=\"_blank\">\n                    <span class=\"industrium-button-text\">T\u00e9l\u00e9charger la certification<\/span>                    \n                <\/a>\n            <\/div>\n        <\/div>\n        \t\t\t\t<\/div>\n\t\t\t\t<\/div>\n\t\t\t\t\t<\/div>\n\t\t<\/div>\n\t\t\t\t\t<\/div>\n\t\t<\/section>\n\t\t\t\t<section class=\"elementor-section elementor-top-section elementor-element elementor-element-d87d565 elementor-section-height-min-height elementor-section-stretched elementor-hidden-mobile_extra elementor-hidden-mobile elementor-section-boxed elementor-section-height-default elementor-section-items-middle\" data-id=\"d87d565\" data-element_type=\"section\" data-settings=\"{&quot;stretch_section&quot;:&quot;section-stretched&quot;,&quot;background_background&quot;:&quot;classic&quot;,&quot;_ha_eqh_enable&quot;:false}\">\n\t\t\t\t\t\t<div class=\"elementor-container elementor-column-gap-default\">\n\t\t\t\t\t<div class=\"elementor-column elementor-col-100 elementor-top-column elementor-element elementor-element-0fdfb42\" data-id=\"0fdfb42\" data-element_type=\"column\">\n\t\t\t<div class=\"elementor-widget-wrap\">\n\t\t\t\t\t\t\t<\/div>\n\t\t<\/div>\n\t\t\t\t\t<\/div>\n\t\t<\/section>\n\t\t\t\t<section class=\"elementor-section elementor-top-section elementor-element elementor-element-58de611 elementor-section-full_width elementor-section-stretched elementor-section-height-default elementor-section-height-default\" data-id=\"58de611\" data-element_type=\"section\" data-settings=\"{&quot;stretch_section&quot;:&quot;section-stretched&quot;,&quot;_ha_eqh_enable&quot;:false}\">\n\t\t\t\t\t\t<div class=\"elementor-container elementor-column-gap-no\">\n\t\t\t\t\t<div class=\"elementor-column elementor-col-100 elementor-top-column elementor-element elementor-element-e8f1f0d\" data-id=\"e8f1f0d\" data-element_type=\"column\">\n\t\t\t<div class=\"elementor-widget-wrap elementor-element-populated\">\n\t\t\t\t\t\t<div class=\"elementor-element elementor-element-960f604 elementor-widget-divider--view-line elementor-widget elementor-widget-divider\" data-id=\"960f604\" data-element_type=\"widget\" data-widget_type=\"divider.default\">\n\t\t\t\t<div class=\"elementor-widget-container\">\n\t\t\t\t\t\t\t<div class=\"elementor-divider\">\n\t\t\t<span class=\"elementor-divider-separator\">\n\t\t\t\t\t\t<\/span>\n\t\t<\/div>\n\t\t\t\t\t\t<\/div>\n\t\t\t\t<\/div>\n\t\t\t\t\t<\/div>\n\t\t<\/div>\n\t\t\t\t\t<\/div>\n\t\t<\/section>\n\t\t\t\t<\/div>\n\t\t","protected":false},"excerpt":{"rendered":"<p>POLITIQUE DE QUALIT\u00c9, D&rsquo;ENVIRONNEMENT ET DE S\u00c9CURIT\u00c9 DES PRODUITS INDUSTRIE CELTEX SPA entend poursuivre et maintenir une politique de qualit\u00e9, d&rsquo;environnement et de s\u00e9curit\u00e9 des produits adapt\u00e9e aux objectifs et au contexte de l&rsquo;organisation pour: \u2022 Soutenir ses orientations strat\u00e9giques \u2022&#8230;<\/p>\n","protected":false},"author":1,"featured_media":19202,"parent":0,"menu_order":0,"comment_status":"closed","ping_status":"closed","template":"","meta":{"footnotes":""},"class_list":["post-41130","page","type-page","status-publish","has-post-thumbnail","hentry"],"_links":{"self":[{"href":"https:\/\/celtex.artificio-comunicazione.it\/fr\/wp-json\/wp\/v2\/pages\/41130","targetHints":{"allow":["GET"]}}],"collection":[{"href":"https:\/\/celtex.artificio-comunicazione.it\/fr\/wp-json\/wp\/v2\/pages"}],"about":[{"href":"https:\/\/celtex.artificio-comunicazione.it\/fr\/wp-json\/wp\/v2\/types\/page"}],"author":[{"embeddable":true,"href":"https:\/\/celtex.artificio-comunicazione.it\/fr\/wp-json\/wp\/v2\/users\/1"}],"replies":[{"embeddable":true,"href":"https:\/\/celtex.artificio-comunicazione.it\/fr\/wp-json\/wp\/v2\/comments?post=41130"}],"version-history":[{"count":16,"href":"https:\/\/celtex.artificio-comunicazione.it\/fr\/wp-json\/wp\/v2\/pages\/41130\/revisions"}],"predecessor-version":[{"id":42929,"href":"https:\/\/celtex.artificio-comunicazione.it\/fr\/wp-json\/wp\/v2\/pages\/41130\/revisions\/42929"}],"wp:featuredmedia":[{"embeddable":true,"href":"https:\/\/celtex.artificio-comunicazione.it\/fr\/wp-json\/wp\/v2\/media\/19202"}],"wp:attachment":[{"href":"https:\/\/celtex.artificio-comunicazione.it\/fr\/wp-json\/wp\/v2\/media?parent=41130"}],"curies":[{"name":"wp","href":"https:\/\/api.w.org\/{rel}","templated":true}]}}