{"id":37906,"date":"2024-08-26T16:55:55","date_gmt":"2024-08-26T14:55:55","guid":{"rendered":"https:\/\/celtex.artificio-comunicazione.it\/private-label\/"},"modified":"2025-03-26T17:45:46","modified_gmt":"2025-03-26T16:45:46","slug":"marki-wlasne","status":"publish","type":"page","link":"https:\/\/celtex.artificio-comunicazione.it\/pl\/marki-wlasne\/","title":{"rendered":"Marki w\u0142asne"},"content":{"rendered":"\t\t<div data-elementor-type=\"wp-page\" data-elementor-id=\"37906\" class=\"elementor elementor-37906 elementor-28579\" data-elementor-settings=\"{&quot;ha_cmc_init_switcher&quot;:&quot;no&quot;}\">\n\t\t\t\t\t\t<section class=\"elementor-section elementor-top-section elementor-element elementor-element-4061773 elementor-section-height-min-height elementor-section-stretched elementor-section-boxed elementor-section-height-default elementor-section-items-middle\" data-id=\"4061773\" data-element_type=\"section\" data-settings=\"{&quot;stretch_section&quot;:&quot;section-stretched&quot;,&quot;background_background&quot;:&quot;classic&quot;,&quot;_ha_eqh_enable&quot;:false}\">\n\t\t\t\t\t\t\t<div class=\"elementor-background-overlay\"><\/div>\n\t\t\t\t\t\t\t<div class=\"elementor-container elementor-column-gap-default\">\n\t\t\t\t\t<div class=\"elementor-column elementor-col-50 elementor-top-column elementor-element elementor-element-5a5889f\" data-id=\"5a5889f\" data-element_type=\"column\">\n\t\t\t<div class=\"elementor-widget-wrap elementor-element-populated\">\n\t\t\t\t\t\t<div class=\"elementor-element elementor-element-3724e25 elementor-widget elementor-widget-heading\" data-id=\"3724e25\" data-element_type=\"widget\" data-widget_type=\"heading.default\">\n\t\t\t\t<div class=\"elementor-widget-container\">\n\t\t\t\t\t<h2 class=\"elementor-heading-title elementor-size-default\">MARKI W\u0141ASNE<\/h2>\t\t\t\t<\/div>\n\t\t\t\t<\/div>\n\t\t\t\t\t<\/div>\n\t\t<\/div>\n\t\t\t\t<div class=\"elementor-column elementor-col-50 elementor-top-column elementor-element elementor-element-52dd507 elementor-hidden-mobile_extra elementor-hidden-mobile\" data-id=\"52dd507\" data-element_type=\"column\">\n\t\t\t<div class=\"elementor-widget-wrap\">\n\t\t\t\t\t\t\t<\/div>\n\t\t<\/div>\n\t\t\t\t\t<\/div>\n\t\t<\/section>\n\t\t\t\t<section class=\"elementor-section elementor-top-section elementor-element elementor-element-9787a5d elementor-section-full_width elementor-section-height-default elementor-section-height-default\" data-id=\"9787a5d\" data-element_type=\"section\" data-settings=\"{&quot;_ha_eqh_enable&quot;:false}\">\n\t\t\t\t\t\t<div class=\"elementor-container elementor-column-gap-default\">\n\t\t\t\t\t<div class=\"elementor-column elementor-col-100 elementor-top-column elementor-element elementor-element-ff54b9f\" data-id=\"ff54b9f\" data-element_type=\"column\">\n\t\t\t<div class=\"elementor-widget-wrap elementor-element-populated\">\n\t\t\t\t\t\t<section class=\"elementor-section elementor-inner-section elementor-element elementor-element-8d925a1 elementor-section-boxed elementor-section-height-default elementor-section-height-default\" data-id=\"8d925a1\" data-element_type=\"section\" data-settings=\"{&quot;_ha_eqh_enable&quot;:false}\">\n\t\t\t\t\t\t<div class=\"elementor-container elementor-column-gap-default\">\n\t\t\t\t\t<div class=\"elementor-column elementor-col-100 elementor-inner-column elementor-element elementor-element-4fb7bae\" data-id=\"4fb7bae\" data-element_type=\"column\">\n\t\t\t<div class=\"elementor-widget-wrap elementor-element-populated\">\n\t\t\t\t\t\t<div class=\"elementor-element elementor-element-df55b03 elementor-widget elementor-widget-industrium_special_text\" data-id=\"df55b03\" data-element_type=\"widget\" data-widget_type=\"industrium_special_text.default\">\n\t\t\t\t<div class=\"elementor-widget-container\">\n\t\t\t\t\t<div class=\"special-text special-text-effect-stroke\">sieci<\/div>\t\t\t\t<\/div>\n\t\t\t\t<\/div>\n\t\t\t\t<div class=\"elementor-element elementor-element-8bc22d6 elementor-widget elementor-widget-industrium_special_text\" data-id=\"8bc22d6\" data-element_type=\"widget\" data-widget_type=\"industrium_special_text.default\">\n\t\t\t\t<div class=\"elementor-widget-container\">\n\t\t\t\t\t<div class=\"special-text special-text-effect-stroke\">handlowe<\/div>\t\t\t\t<\/div>\n\t\t\t\t<\/div>\n\t\t\t\t\t<\/div>\n\t\t<\/div>\n\t\t\t\t\t<\/div>\n\t\t<\/section>\n\t\t\t\t<section class=\"elementor-section elementor-inner-section elementor-element elementor-element-f78e633 elementor-section-content-middle elementor-section-boxed elementor-section-height-default elementor-section-height-default\" data-id=\"f78e633\" data-element_type=\"section\" data-settings=\"{&quot;_ha_eqh_enable&quot;:false}\">\n\t\t\t\t\t\t<div class=\"elementor-container elementor-column-gap-wide\">\n\t\t\t\t\t<div class=\"elementor-column elementor-col-50 elementor-inner-column elementor-element elementor-element-53c9420 elementor-hidden-mobile_extra elementor-hidden-mobile\" data-id=\"53c9420\" data-element_type=\"column\">\n\t\t\t<div class=\"elementor-widget-wrap elementor-element-populated\">\n\t\t\t\t\t\t<div class=\"elementor-element elementor-element-d6b5628 elementor-widget elementor-widget-image\" data-id=\"d6b5628\" data-element_type=\"widget\" data-widget_type=\"image.default\">\n\t\t\t\t<div class=\"elementor-widget-container\">\n\t\t\t\t\t\t\t\t\t\t\t\t\t\t\t<img fetchpriority=\"high\" decoding=\"async\" width=\"938\" height=\"916\" src=\"https:\/\/celtex.artificio-comunicazione.it\/wp-content\/uploads\/2023\/02\/elemento.png\" class=\"attachment-large size-large wp-image-19199\" alt=\"\" srcset=\"https:\/\/celtex.artificio-comunicazione.it\/wp-content\/uploads\/2023\/02\/elemento.png 938w, https:\/\/celtex.artificio-comunicazione.it\/wp-content\/uploads\/2023\/02\/elemento-300x293.png 300w, https:\/\/celtex.artificio-comunicazione.it\/wp-content\/uploads\/2023\/02\/elemento-768x750.png 768w, https:\/\/celtex.artificio-comunicazione.it\/wp-content\/uploads\/2023\/02\/elemento-600x586.png 600w\" sizes=\"(max-width: 938px) 100vw, 938px\" \/>\t\t\t\t\t\t\t\t\t\t\t\t\t\t\t<\/div>\n\t\t\t\t<\/div>\n\t\t\t\t\t<\/div>\n\t\t<\/div>\n\t\t\t\t<div class=\"elementor-column elementor-col-50 elementor-inner-column elementor-element elementor-element-ab337ed\" data-id=\"ab337ed\" data-element_type=\"column\">\n\t\t\t<div class=\"elementor-widget-wrap elementor-element-populated\">\n\t\t\t\t\t\t<div class=\"elementor-element elementor-element-05c2f0f elementor-widget elementor-widget-spacer\" data-id=\"05c2f0f\" data-element_type=\"widget\" data-widget_type=\"spacer.default\">\n\t\t\t\t<div class=\"elementor-widget-container\">\n\t\t\t\t\t\t\t<div class=\"elementor-spacer\">\n\t\t\t<div class=\"elementor-spacer-inner\"><\/div>\n\t\t<\/div>\n\t\t\t\t\t\t<\/div>\n\t\t\t\t<\/div>\n\t\t\t\t<div class=\"elementor-element elementor-element-915fe07 elementor-widget elementor-widget-industrium_heading\" data-id=\"915fe07\" data-element_type=\"widget\" data-widget_type=\"industrium_heading.default\">\n\t\t\t\t<div class=\"elementor-widget-container\">\n\t\t\t\t\t<div class=\"industrium-heading-widget\"><h2 class=\"industrium-heading\"><span class=\"industrium-subheading no-dot\">DZIA\u0141Y BIZNESOWE<\/span><span class=\"industrium-heading-content\">Marki w\u0142asne<\/span><\/h2><\/div>\t\t\t\t<\/div>\n\t\t\t\t<\/div>\n\t\t\t\t<div class=\"elementor-element elementor-element-f2a474c elementor-widget elementor-widget-text-editor\" data-id=\"f2a474c\" data-element_type=\"widget\" data-widget_type=\"text-editor.default\">\n\t\t\t\t<div class=\"elementor-widget-container\">\n\t\t\t\t\t\t\t\t\t<p><strong>Industrie Celtex<\/strong> wspiera kana\u0142y dystrybucji w tworzeniu produkt\u00f3w spe\u0142niaj\u0105cych specyficzne potrzeby konsument\u00f3w ko\u0144cowych.<br \/><br \/>Dzi\u0119ki wieloletniemu do\u015bwiadczeniu zdobytemu w bran\u017cy oraz ci\u0105g\u0142ej dba\u0142o\u015bci o zr\u00f3wnowa\u017cony rozw\u00f3j i innowacyjno\u015b\u0107, linie marek w\u0142asnych charakteryzuj\u0105 si\u0119 wysokimi standardami jako\u015bci, inteligentnymi i ekologicznymi opakowaniami, kt\u00f3re s\u0105 w stanie zaspokoi\u0107 potrzeby coraz bardziej uwa\u017cnych i wymagaj\u0105cych klient\u00f3w.<\/p>\t\t\t\t\t\t\t\t<\/div>\n\t\t\t\t<\/div>\n\t\t\t\t\t<\/div>\n\t\t<\/div>\n\t\t\t\t\t<\/div>\n\t\t<\/section>\n\t\t\t\t\t<\/div>\n\t\t<\/div>\n\t\t\t\t\t<\/div>\n\t\t<\/section>\n\t\t\t\t<section class=\"elementor-section elementor-top-section elementor-element elementor-element-44b659d elementor-section-height-min-height elementor-section-stretched elementor-hidden-mobile_extra elementor-hidden-mobile elementor-section-boxed elementor-section-height-default elementor-section-items-middle\" data-id=\"44b659d\" data-element_type=\"section\" data-settings=\"{&quot;stretch_section&quot;:&quot;section-stretched&quot;,&quot;background_background&quot;:&quot;classic&quot;,&quot;_ha_eqh_enable&quot;:false}\">\n\t\t\t\t\t\t<div class=\"elementor-container elementor-column-gap-default\">\n\t\t\t\t\t<div class=\"elementor-column elementor-col-100 elementor-top-column elementor-element elementor-element-ba3ed14\" data-id=\"ba3ed14\" data-element_type=\"column\">\n\t\t\t<div class=\"elementor-widget-wrap\">\n\t\t\t\t\t\t\t<\/div>\n\t\t<\/div>\n\t\t\t\t\t<\/div>\n\t\t<\/section>\n\t\t\t\t<section class=\"elementor-section elementor-top-section elementor-element elementor-element-1218bb3 elementor-section-full_width elementor-section-stretched elementor-section-height-default elementor-section-height-default\" data-id=\"1218bb3\" data-element_type=\"section\" data-settings=\"{&quot;stretch_section&quot;:&quot;section-stretched&quot;,&quot;_ha_eqh_enable&quot;:false}\">\n\t\t\t\t\t\t<div class=\"elementor-container elementor-column-gap-no\">\n\t\t\t\t\t<div class=\"elementor-column elementor-col-100 elementor-top-column elementor-element elementor-element-d6e74d7\" data-id=\"d6e74d7\" data-element_type=\"column\">\n\t\t\t<div class=\"elementor-widget-wrap elementor-element-populated\">\n\t\t\t\t\t\t<div class=\"elementor-element elementor-element-ab623cd elementor-widget-divider--view-line elementor-widget elementor-widget-divider\" data-id=\"ab623cd\" data-element_type=\"widget\" data-widget_type=\"divider.default\">\n\t\t\t\t<div class=\"elementor-widget-container\">\n\t\t\t\t\t\t\t<div class=\"elementor-divider\">\n\t\t\t<span class=\"elementor-divider-separator\">\n\t\t\t\t\t\t<\/span>\n\t\t<\/div>\n\t\t\t\t\t\t<\/div>\n\t\t\t\t<\/div>\n\t\t\t\t\t<\/div>\n\t\t<\/div>\n\t\t\t\t\t<\/div>\n\t\t<\/section>\n\t\t\t\t<\/div>\n\t\t","protected":false},"excerpt":{"rendered":"<p>MARKI W\u0141ASNE Industrie Celtex wspiera kana\u0142y dystrybucji w tworzeniu produkt\u00f3w spe\u0142niaj\u0105cych specyficzne potrzeby konsument\u00f3w ko\u0144cowych. Dzi\u0119ki wieloletniemu do\u015bwiadczeniu zdobytemu w bran\u017cy oraz ci\u0105g\u0142ej dba\u0142o\u015bci o zr\u00f3wnowa\u017cony rozw\u00f3j i innowacyjno\u015b\u0107, linie marek w\u0142asnych charakteryzuj\u0105 si\u0119 wysokimi standardami jako\u015bci, inteligentnymi i ekologicznymi opakowaniami,&#8230;<\/p>\n","protected":false},"author":1,"featured_media":0,"parent":0,"menu_order":0,"comment_status":"closed","ping_status":"closed","template":"","meta":{"footnotes":""},"class_list":["post-37906","page","type-page","status-publish","hentry"],"_links":{"self":[{"href":"https:\/\/celtex.artificio-comunicazione.it\/pl\/wp-json\/wp\/v2\/pages\/37906","targetHints":{"allow":["GET"]}}],"collection":[{"href":"https:\/\/celtex.artificio-comunicazione.it\/pl\/wp-json\/wp\/v2\/pages"}],"about":[{"href":"https:\/\/celtex.artificio-comunicazione.it\/pl\/wp-json\/wp\/v2\/types\/page"}],"author":[{"embeddable":true,"href":"https:\/\/celtex.artificio-comunicazione.it\/pl\/wp-json\/wp\/v2\/users\/1"}],"replies":[{"embeddable":true,"href":"https:\/\/celtex.artificio-comunicazione.it\/pl\/wp-json\/wp\/v2\/comments?post=37906"}],"version-history":[{"count":32,"href":"https:\/\/celtex.artificio-comunicazione.it\/pl\/wp-json\/wp\/v2\/pages\/37906\/revisions"}],"predecessor-version":[{"id":42888,"href":"https:\/\/celtex.artificio-comunicazione.it\/pl\/wp-json\/wp\/v2\/pages\/37906\/revisions\/42888"}],"wp:attachment":[{"href":"https:\/\/celtex.artificio-comunicazione.it\/pl\/wp-json\/wp\/v2\/media?parent=37906"}],"curies":[{"name":"wp","href":"https:\/\/api.w.org\/{rel}","templated":true}]}}