{"id":41159,"date":"2025-03-12T11:12:30","date_gmt":"2025-03-12T10:12:30","guid":{"rendered":"https:\/\/celtex.artificio-comunicazione.it\/qualitaet-umwelt-und-sicherheit\/"},"modified":"2025-03-27T14:40:24","modified_gmt":"2025-03-27T13:40:24","slug":"jakosc-ochrona-srodowiska-i-bezpieczenstwo","status":"publish","type":"page","link":"https:\/\/celtex.artificio-comunicazione.it\/pl\/jakosc-ochrona-srodowiska-i-bezpieczenstwo\/","title":{"rendered":"Jako\u015b\u0107, ochrona \u015brodowiska i bezpiecze\u0144stwo"},"content":{"rendered":"\t\t<div data-elementor-type=\"wp-page\" data-elementor-id=\"41159\" class=\"elementor elementor-41159 elementor-41087\" data-elementor-settings=\"{&quot;ha_cmc_init_switcher&quot;:&quot;no&quot;}\">\n\t\t\t\t\t\t<section class=\"elementor-section elementor-top-section elementor-element elementor-element-1480b282 elementor-section-height-min-height elementor-section-stretched elementor-section-boxed elementor-section-height-default elementor-section-items-middle\" data-id=\"1480b282\" data-element_type=\"section\" data-settings=\"{&quot;stretch_section&quot;:&quot;section-stretched&quot;,&quot;background_background&quot;:&quot;classic&quot;,&quot;_ha_eqh_enable&quot;:false}\">\n\t\t\t\t\t\t<div class=\"elementor-container elementor-column-gap-default\">\n\t\t\t\t\t<div class=\"elementor-column elementor-col-50 elementor-top-column elementor-element elementor-element-538c37d7\" data-id=\"538c37d7\" data-element_type=\"column\">\n\t\t\t<div class=\"elementor-widget-wrap elementor-element-populated\">\n\t\t\t\t\t\t<div class=\"elementor-element elementor-element-1bc866e elementor-widget elementor-widget-heading\" data-id=\"1bc866e\" data-element_type=\"widget\" data-widget_type=\"heading.default\">\n\t\t\t\t<div class=\"elementor-widget-container\">\n\t\t\t\t\t<h2 class=\"elementor-heading-title elementor-size-default\">POLITYKA JAKO\u015aCI, OCHRONY \u015aRODOWISKA I BEZPIECZE\u0143STWA PRODUKTU<\/h2>\t\t\t\t<\/div>\n\t\t\t\t<\/div>\n\t\t\t\t\t<\/div>\n\t\t<\/div>\n\t\t\t\t<div class=\"elementor-column elementor-col-50 elementor-top-column elementor-element elementor-element-4725ea8d elementor-hidden-widescreen elementor-hidden-desktop elementor-hidden-laptop elementor-hidden-tablet_extra elementor-hidden-tablet elementor-hidden-mobile_extra elementor-hidden-mobile\" data-id=\"4725ea8d\" data-element_type=\"column\">\n\t\t\t<div class=\"elementor-widget-wrap\">\n\t\t\t\t\t\t\t<\/div>\n\t\t<\/div>\n\t\t\t\t\t<\/div>\n\t\t<\/section>\n\t\t\t\t<section class=\"elementor-section elementor-top-section elementor-element elementor-element-f3b114c elementor-section-boxed elementor-section-height-default elementor-section-height-default\" data-id=\"f3b114c\" data-element_type=\"section\" data-settings=\"{&quot;_ha_eqh_enable&quot;:false}\">\n\t\t\t\t\t\t<div class=\"elementor-container elementor-column-gap-default\">\n\t\t\t\t\t<div class=\"elementor-column elementor-col-100 elementor-top-column elementor-element elementor-element-bbad1bd\" data-id=\"bbad1bd\" data-element_type=\"column\">\n\t\t\t<div class=\"elementor-widget-wrap elementor-element-populated\">\n\t\t\t\t\t\t<div class=\"elementor-element elementor-element-a7bee91 elementor-widget elementor-widget-text-editor\" data-id=\"a7bee91\" data-element_type=\"widget\" data-widget_type=\"text-editor.default\">\n\t\t\t\t<div class=\"elementor-widget-container\">\n\t\t\t\t\t\t\t\t\t<p>Sp\u00f3\u0142ka INDUSTRIE CELTEX SPA zamierza realizowa\u0107 i utrzymywa\u0107 Polityk\u0119 Jako\u015bci, \u015arodowiska i Bezpiecze\u0144stwa Produkt\u00f3w odpowiedni\u0105 do cel\u00f3w i kontekstu organizacji, aby:<\/p><ul><li>\u2022 Wspiera\u0107 jej strategiczne kierunki<\/li><li>\u2022 Zapewnia\u0107 ramy dla ustalania cel\u00f3w jako\u015bciowych i \u015brodowiskowych<\/li><li>\u2022 D\u0105\u017cy\u0107 do ci\u0105g\u0142ego doskonalenia Systemu Zarz\u0105dzania Jako\u015bci\u0105, Systemu Zarz\u0105dzania \u015arodowiskowego i Systemu HACCP<\/li><\/ul>\t\t\t\t\t\t\t\t<\/div>\n\t\t\t\t<\/div>\n\t\t\t\t<div class=\"elementor-element elementor-element-3e183c9 elementor-widget elementor-widget-industrium_button\" data-id=\"3e183c9\" data-element_type=\"widget\" data-widget_type=\"industrium_button.default\">\n\t\t\t\t<div class=\"elementor-widget-container\">\n\t\t\t\t\t\n        <div class=\"button-widget\">\n            <div class=\"button-container\">\n                <a class=\"industrium-button button-type-2\" href=\"http:\/\/celtex.artificio-comunicazione.it\/wp-content\/uploads\/2025\/03\/POLITYKA-JAKOSCI-OCHRONY-SRODOWISKA-I-BEZPIECZENSTWA-PRODUKTU-Industrie-Celtex-06-23_PL.pdf\" target=\"_blank\">\n                    <span class=\"industrium-button-text\">Pobierz polityk\u0119<\/span>                    \n                <\/a>\n            <\/div>\n        <\/div>\n        \t\t\t\t<\/div>\n\t\t\t\t<\/div>\n\t\t\t\t\t<\/div>\n\t\t<\/div>\n\t\t\t\t\t<\/div>\n\t\t<\/section>\n\t\t\t\t<section class=\"elementor-section elementor-top-section elementor-element elementor-element-d87d565 elementor-section-height-min-height elementor-section-stretched elementor-hidden-mobile_extra elementor-hidden-mobile elementor-section-boxed elementor-section-height-default elementor-section-items-middle\" data-id=\"d87d565\" data-element_type=\"section\" data-settings=\"{&quot;stretch_section&quot;:&quot;section-stretched&quot;,&quot;background_background&quot;:&quot;classic&quot;,&quot;_ha_eqh_enable&quot;:false}\">\n\t\t\t\t\t\t<div class=\"elementor-container elementor-column-gap-default\">\n\t\t\t\t\t<div class=\"elementor-column elementor-col-100 elementor-top-column elementor-element elementor-element-0fdfb42\" data-id=\"0fdfb42\" data-element_type=\"column\">\n\t\t\t<div class=\"elementor-widget-wrap\">\n\t\t\t\t\t\t\t<\/div>\n\t\t<\/div>\n\t\t\t\t\t<\/div>\n\t\t<\/section>\n\t\t\t\t<section class=\"elementor-section elementor-top-section elementor-element elementor-element-58de611 elementor-section-full_width elementor-section-stretched elementor-section-height-default elementor-section-height-default\" data-id=\"58de611\" data-element_type=\"section\" data-settings=\"{&quot;stretch_section&quot;:&quot;section-stretched&quot;,&quot;_ha_eqh_enable&quot;:false}\">\n\t\t\t\t\t\t<div class=\"elementor-container elementor-column-gap-no\">\n\t\t\t\t\t<div class=\"elementor-column elementor-col-100 elementor-top-column elementor-element elementor-element-e8f1f0d\" data-id=\"e8f1f0d\" data-element_type=\"column\">\n\t\t\t<div class=\"elementor-widget-wrap elementor-element-populated\">\n\t\t\t\t\t\t<div class=\"elementor-element elementor-element-960f604 elementor-widget-divider--view-line elementor-widget elementor-widget-divider\" data-id=\"960f604\" data-element_type=\"widget\" data-widget_type=\"divider.default\">\n\t\t\t\t<div class=\"elementor-widget-container\">\n\t\t\t\t\t\t\t<div class=\"elementor-divider\">\n\t\t\t<span class=\"elementor-divider-separator\">\n\t\t\t\t\t\t<\/span>\n\t\t<\/div>\n\t\t\t\t\t\t<\/div>\n\t\t\t\t<\/div>\n\t\t\t\t\t<\/div>\n\t\t<\/div>\n\t\t\t\t\t<\/div>\n\t\t<\/section>\n\t\t\t\t<\/div>\n\t\t","protected":false},"excerpt":{"rendered":"<p>POLITYKA JAKO\u015aCI, OCHRONY \u015aRODOWISKA I BEZPIECZE\u0143STWA PRODUKTU Sp\u00f3\u0142ka INDUSTRIE CELTEX SPA zamierza realizowa\u0107 i utrzymywa\u0107 Polityk\u0119 Jako\u015bci, \u015arodowiska i Bezpiecze\u0144stwa Produkt\u00f3w odpowiedni\u0105 do cel\u00f3w i kontekstu organizacji, aby: \u2022 Wspiera\u0107 jej strategiczne kierunki \u2022 Zapewnia\u0107 ramy dla ustalania cel\u00f3w jako\u015bciowych i&#8230;<\/p>\n","protected":false},"author":1,"featured_media":19204,"parent":0,"menu_order":0,"comment_status":"closed","ping_status":"closed","template":"","meta":{"footnotes":""},"class_list":["post-41159","page","type-page","status-publish","has-post-thumbnail","hentry"],"_links":{"self":[{"href":"https:\/\/celtex.artificio-comunicazione.it\/pl\/wp-json\/wp\/v2\/pages\/41159","targetHints":{"allow":["GET"]}}],"collection":[{"href":"https:\/\/celtex.artificio-comunicazione.it\/pl\/wp-json\/wp\/v2\/pages"}],"about":[{"href":"https:\/\/celtex.artificio-comunicazione.it\/pl\/wp-json\/wp\/v2\/types\/page"}],"author":[{"embeddable":true,"href":"https:\/\/celtex.artificio-comunicazione.it\/pl\/wp-json\/wp\/v2\/users\/1"}],"replies":[{"embeddable":true,"href":"https:\/\/celtex.artificio-comunicazione.it\/pl\/wp-json\/wp\/v2\/comments?post=41159"}],"version-history":[{"count":19,"href":"https:\/\/celtex.artificio-comunicazione.it\/pl\/wp-json\/wp\/v2\/pages\/41159\/revisions"}],"predecessor-version":[{"id":42938,"href":"https:\/\/celtex.artificio-comunicazione.it\/pl\/wp-json\/wp\/v2\/pages\/41159\/revisions\/42938"}],"wp:featuredmedia":[{"embeddable":true,"href":"https:\/\/celtex.artificio-comunicazione.it\/pl\/wp-json\/wp\/v2\/media\/19204"}],"wp:attachment":[{"href":"https:\/\/celtex.artificio-comunicazione.it\/pl\/wp-json\/wp\/v2\/media?parent=41159"}],"curies":[{"name":"wp","href":"https:\/\/api.w.org\/{rel}","templated":true}]}}